{"id":326,"date":"2022-07-28T13:19:48","date_gmt":"2022-07-28T11:19:48","guid":{"rendered":"https:\/\/bernadette-freierednerin.de\/trauungen\/?page_id=326"},"modified":"2022-08-01T16:30:56","modified_gmt":"2022-08-01T14:30:56","slug":"haeufig-gestellte-fragen","status":"publish","type":"page","link":"https:\/\/bernadette-freierednerin.de\/trauungen\/haeufig-gestellte-fragen\/","title":{"rendered":"H\u00e4ufig gestellte Fragen"},"content":{"rendered":"<p>[et_pb_section fb_built=&#8220;1&#8243; custom_padding_last_edited=&#8220;on|tablet&#8220; admin_label=&#8220;Hero&#8220; _builder_version=&#8220;4.16&#8243; use_background_color_gradient=&#8220;on&#8220; background_color_gradient_direction=&#8220;90deg&#8220; background_color_gradient_stops=&#8220;#F0EDEE 65%|#F9F6F5 65%&#8220; background_color_gradient_start=&#8220;#F0EDEE&#8220; background_color_gradient_start_position=&#8220;65%&#8220; background_color_gradient_end=&#8220;#F9F6F5&#8243; background_color_gradient_end_position=&#8220;0%&#8220; background_size=&#8220;initial&#8220; background_position=&#8220;top_left&#8220; background_repeat=&#8220;repeat&#8220; custom_margin=&#8220;|||&#8220; custom_padding=&#8220;6vw|0px|0px|0px|false|false&#8220; custom_padding_tablet=&#8220;0vw|||&#8220; custom_padding_phone=&#8220;&#8220; global_colors_info=&#8220;{}&#8220;][et_pb_row column_structure=&#8220;1_2,1_2&#8243; make_equal=&#8220;on&#8220; disabled_on=&#8220;off|off|off&#8220; _builder_version=&#8220;4.17.6&#8243; width=&#8220;100%&#8220; max_width=&#8220;100%&#8220; custom_padding=&#8220;0px|0px|0px|0px|true|true&#8220; use_custom_width=&#8220;on&#8220; width_unit=&#8220;off&#8220; custom_width_percent=&#8220;100%&#8220; global_colors_info=&#8220;{}&#8220;][et_pb_column type=&#8220;1_2&#8243; _builder_version=&#8220;4.17.6&#8243; use_background_color_gradient=&#8220;on&#8220; background_color_gradient_direction=&#8220;30deg&#8220; background_color_gradient_stops=&#8220;rgba(222,213,216,0.1) 50%|rgba(222,213,216,0.7) 100%&#8220; background_color_gradient_overlays_image=&#8220;on&#8220; background_color_gradient_start=&#8220;rgba(222,213,216,0.1)&#8220; background_color_gradient_end=&#8220;rgba(222,213,216,0.7)&#8220; background_image=&#8220;https:\/\/bernadette-freierednerin.de\/trauungen\/wp-content\/uploads\/2022\/07\/digital-art-CGI-3D-question-mark-minimalism-simple-background-1558501-wallhere.com_.jpg&#8220; custom_padding=&#8220;|||&#8220; global_colors_info=&#8220;{}&#8220; custom_padding__hover=&#8220;|||&#8220;][et_pb_divider show_divider=&#8220;off&#8220; _builder_version=&#8220;4.16&#8243; height=&#8220;20vw&#8220; global_colors_info=&#8220;{}&#8220;][\/et_pb_divider][\/et_pb_column][et_pb_column type=&#8220;1_2&#8243; _builder_version=&#8220;4.16&#8243; custom_padding=&#8220;10vw||10vw|&#8220; custom_padding_tablet=&#8220;|10%||10%||true&#8220; custom_padding_phone=&#8220;|10%||10%||true&#8220; custom_padding_last_edited=&#8220;on|tablet&#8220; global_colors_info=&#8220;{}&#8220; padding_tablet=&#8220;|10%||10%||true&#8220; padding_last_edited=&#8220;on|tablet&#8220; custom_padding__hover=&#8220;|||&#8220; padding_phone=&#8220;|10%||10%||true&#8220;][et_pb_text _builder_version=&#8220;4.17.6&#8243; text_font=&#8220;||||||||&#8220; text_font_size=&#8220;16px&#8220; text_line_height=&#8220;2em&#8220; header_font=&#8220;Oswald|500||on|||||&#8220; header_font_size=&#8220;6vw&#8220; header_letter_spacing=&#8220;0.05em&#8220; header_line_height=&#8220;1.2em&#8220; header_5_font=&#8220;Roboto|700||on|||||&#8220; header_5_text_color=&#8220;#898ea2&#8243; header_5_font_size=&#8220;26px&#8220; header_5_letter_spacing=&#8220;10px&#8220; header_5_line_height=&#8220;1.4em&#8220; header_6_font=&#8220;Roboto|700||on|||||&#8220; header_6_text_color=&#8220;#d39b86&#8243; header_6_font_size=&#8220;16px&#8220; header_6_letter_spacing=&#8220;5px&#8220; header_6_line_height=&#8220;1.5em&#8220; text_orientation=&#8220;right&#8220; custom_margin=&#8220;|10vw||-20vw&#8220; custom_margin_tablet=&#8220;|0%||0%||true&#8220; custom_margin_phone=&#8220;|||&#8220; custom_margin_last_edited=&#8220;on|tablet&#8220; custom_padding=&#8220;|||&#8220; custom_padding_last_edited=&#8220;off|desktop&#8220; animation_style=&#8220;slide&#8220; animation_direction=&#8220;left&#8220; animation_intensity_slide=&#8220;2%&#8220; header_font_size_tablet=&#8220;70px&#8220; header_font_size_phone=&#8220;40px&#8220; header_font_size_last_edited=&#8220;on|phone&#8220; header_line_height_tablet=&#8220;&#8220; header_line_height_phone=&#8220;1.5em&#8220; header_line_height_last_edited=&#8220;on|phone&#8220; header_5_font_size_tablet=&#8220;&#8220; header_5_font_size_phone=&#8220;18px&#8220; header_5_font_size_last_edited=&#8220;on|phone&#8220; locked=&#8220;off&#8220; global_colors_info=&#8220;{}&#8220;]<\/p>\n<h5>H\u00e4ufig gestellte Fragen<\/h5>\n<h1>FAQ<\/h1>\n<h6>(frequently asked questions)<\/h6>\n<p>&nbsp;<\/p>\n<p>[\/et_pb_text][\/et_pb_column][\/et_pb_row][\/et_pb_section][et_pb_section fb_built=&#8220;1&#8243; admin_label=&#8220;FAQ&#8220; _builder_version=&#8220;4.16&#8243; background_size=&#8220;initial&#8220; background_position=&#8220;top_left&#8220; background_repeat=&#8220;repeat&#8220; custom_padding=&#8220;|||&#8220; global_colors_info=&#8220;{}&#8220;][et_pb_row column_structure=&#8220;1_3,2_3&#8243; _builder_version=&#8220;4.16&#8243; custom_padding=&#8220;|||&#8220; global_colors_info=&#8220;{}&#8220;][et_pb_column type=&#8220;1_3&#8243; _builder_version=&#8220;4.16&#8243; custom_padding=&#8220;|||&#8220; global_colors_info=&#8220;{}&#8220; custom_padding__hover=&#8220;|||&#8220;][et_pb_image src=&#8220;https:\/\/bernadette-freierednerin.de\/trauungen\/wp-content\/uploads\/2022\/07\/haeufig-gestellte-fragen.jpg&#8220; title_text=&#8220;haeufig-gestellte-fragen&#8220; align_tablet=&#8220;center&#8220; align_phone=&#8220;center&#8220; align_last_edited=&#8220;on|desktop&#8220; _builder_version=&#8220;4.17.6&#8243; animation_style=&#8220;fade&#8220; locked=&#8220;off&#8220; global_colors_info=&#8220;{}&#8220;][\/et_pb_image][\/et_pb_column][et_pb_column type=&#8220;2_3&#8243; _builder_version=&#8220;4.16&#8243; custom_padding=&#8220;|||&#8220; global_colors_info=&#8220;{}&#8220; custom_padding__hover=&#8220;|||&#8220;][et_pb_toggle title=&#8220;An wen wende ich mich wenn ich in der Eventscheune feiern m\u00f6chte?&#8220; open_toggle_background_color=&#8220;#f9f6f5&#8243; closed_toggle_background_color=&#8220;#f9f6f5&#8243; _builder_version=&#8220;4.17.6&#8243; title_font=&#8220;Roboto||||||||&#8220; title_line_height=&#8220;1.5em&#8220; hover_enabled=&#8220;0&#8243; border_width_all=&#8220;0px&#8220; global_colors_info=&#8220;{}&#8220; sticky_enabled=&#8220;0&#8243;]F\u00fcr die Eventscheune wenden Sie sich bitte an:<br \/>\nEva Schr\u00f6del<br \/>\neMail: <a href=\"mailto:eventscheune@ludwigsruhe.com\">eventscheune@ludwigsruhe.com<\/a><br \/>\nTel: <a href=\"tel:+491719385229\">+49-(0)171-9385229<\/a>[\/et_pb_toggle][et_pb_toggle title=&#8220;Wieviel kostet eine Freie Trauung? &#8220; open_toggle_background_color=&#8220;#f9f6f5&#8243; closed_toggle_background_color=&#8220;#f9f6f5&#8243; _builder_version=&#8220;4.17.6&#8243; title_font=&#8220;Roboto||||||||&#8220; title_line_height=&#8220;1.5em&#8220; hover_enabled=&#8220;0&#8243; border_width_all=&#8220;0px&#8220; global_colors_info=&#8220;{}&#8220; sticky_enabled=&#8220;0&#8243;]Ohne den genauen Ablauf zu kennen ist es schwierig den Kostenrahmen zu nennen.<br \/>\nEs ist alles m\u00f6glich. Kosten ab \u20ac 860,00.[\/et_pb_toggle][et_pb_toggle title=&#8220;Wie hoch sind die Kosten einer standesamtlichen Trauung?&#8220; open_toggle_background_color=&#8220;#f9f6f5&#8243; closed_toggle_background_color=&#8220;#f9f6f5&#8243; _builder_version=&#8220;4.17.6&#8243; title_font=&#8220;Roboto||||||||&#8220; title_line_height=&#8220;1.5em&#8220; hover_enabled=&#8220;0&#8243; border_width_all=&#8220;0px&#8220; global_colors_info=&#8220;{}&#8220; sticky_enabled=&#8220;0&#8243;]Eine Standesamtliche Trauung auf den gewidmeten Bereichen von Gut Ludwigsruhe kostet \u20ac 250,00.[\/et_pb_toggle][\/et_pb_column][\/et_pb_row][\/et_pb_section][et_pb_section fb_built=&#8220;1&#8243; custom_padding_last_edited=&#8220;off|desktop&#8220; admin_label=&#8220;Footer&#8220; _builder_version=&#8220;4.16&#8243; use_background_color_gradient=&#8220;on&#8220; background_color_gradient_direction=&#8220;90deg&#8220; background_color_gradient_stops=&#8220;#F0EDEE 65%|#F9F6F5 65%&#8220; background_color_gradient_start=&#8220;#F0EDEE&#8220; background_color_gradient_start_position=&#8220;65%&#8220; background_color_gradient_end=&#8220;#F9F6F5&#8243; background_color_gradient_end_position=&#8220;0%&#8220; custom_padding=&#8220;100px|0px|0|0px|false|false&#8220; custom_padding_tablet=&#8220;0px|||&#8220; custom_padding_phone=&#8220;0px|||&#8220; global_colors_info=&#8220;{}&#8220;][et_pb_row custom_padding_last_edited=&#8220;on|phone&#8220; module_class=&#8220; et_pb_row_fullwidth&#8220; _builder_version=&#8220;4.17.6&#8243; background_color_gradient_direction=&#8220;90deg&#8220; background_image=&#8220;https:\/\/bernadette-freierednerin.de\/trauungen\/wp-content\/uploads\/2022\/07\/footer-trauzimmer-freie-rednerin-1.jpg&#8220; background_position=&#8220;bottom_center&#8220; width=&#8220;89%&#8220; width_tablet=&#8220;80%&#8220; width_phone=&#8220;80%&#8220; width_last_edited=&#8220;on|desktop&#8220; max_width=&#8220;89%&#8220; max_width_tablet=&#8220;80%&#8220; max_width_phone=&#8220;80%&#8220; max_width_last_edited=&#8220;on|desktop&#8220; custom_padding=&#8220;200px|40px|200px|40px|true|true&#8220; custom_padding_tablet=&#8220;&#8220; custom_padding_phone=&#8220;60px||60px||true&#8220; animation_style=&#8220;slide&#8220; animation_direction=&#8220;bottom&#8220; animation_intensity_slide=&#8220;20%&#8220; animation_starting_opacity=&#8220;100%&#8220; make_fullwidth=&#8220;on&#8220; global_colors_info=&#8220;{}&#8220;][et_pb_column type=&#8220;4_4&#8243; _builder_version=&#8220;4.16&#8243; custom_padding=&#8220;|||&#8220; global_colors_info=&#8220;{}&#8220; custom_padding__hover=&#8220;|||&#8220;][et_pb_text _builder_version=&#8220;4.17.6&#8243; text_font=&#8220;||||||||&#8220; header_font=&#8220;||||||||&#8220; header_2_font=&#8220;Oswald|500||on|||||&#8220; header_2_text_align=&#8220;center&#8220; header_2_font_size=&#8220;60px&#8220; header_2_letter_spacing=&#8220;2px&#8220; header_2_line_height=&#8220;1.5em&#8220; header_5_font=&#8220;Oswald|||on|||||&#8220; header_5_font_size=&#8220;18px&#8220; header_5_letter_spacing=&#8220;3px&#8220; header_5_line_height=&#8220;1.5em&#8220; text_orientation=&#8220;center&#8220; background_layout=&#8220;dark&#8220; max_width=&#8220;800px&#8220; module_alignment=&#8220;center&#8220; header_2_font_size_tablet=&#8220;60px&#8220; header_2_font_size_phone=&#8220;30px&#8220; header_2_font_size_last_edited=&#8220;on|phone&#8220; header_5_line_height_last_edited=&#8220;off|desktop&#8220; global_colors_info=&#8220;{}&#8220;]<\/p>\n<h5>Es wird gro\u00dfartig!<\/h5>\n<h2>Planen wir gemeinsam!<\/h2>\n<p>[\/et_pb_text][et_pb_button button_url=&#8220;https:\/\/bernadette-freierednerin.de\/trauungen\/kontakt\/&#8220; button_text=&#8220;Kontakt&#8220; button_alignment=&#8220;center&#8220; _builder_version=&#8220;4.17.6&#8243; custom_button=&#8220;on&#8220; button_text_size=&#8220;14px&#8220; button_text_color=&#8220;#b77593&#8243; button_bg_color=&#8220;#ffffff&#8220; button_border_width=&#8220;12px&#8220; button_border_color=&#8220;#ffffff&#8220; button_border_radius=&#8220;0px&#8220; button_letter_spacing=&#8220;5px&#8220; button_font=&#8220;Roboto|700||on|||||&#8220; custom_margin=&#8220;|||&#8220; custom_margin_tablet=&#8220;30px|||&#8220; custom_margin_phone=&#8220;|||&#8220; custom_margin_last_edited=&#8220;off|desktop&#8220; custom_padding=&#8220;|||&#8220; global_colors_info=&#8220;{}&#8220; button_text_size__hover_enabled=&#8220;off&#8220; button_one_text_size__hover_enabled=&#8220;off&#8220; button_two_text_size__hover_enabled=&#8220;off&#8220; button_text_color__hover_enabled=&#8220;off&#8220; button_one_text_color__hover_enabled=&#8220;off&#8220; button_two_text_color__hover_enabled=&#8220;off&#8220; button_border_width__hover_enabled=&#8220;off&#8220; button_one_border_width__hover_enabled=&#8220;off&#8220; button_two_border_width__hover_enabled=&#8220;off&#8220; button_border_color__hover_enabled=&#8220;off&#8220; button_one_border_color__hover_enabled=&#8220;off&#8220; button_two_border_color__hover_enabled=&#8220;off&#8220; button_border_radius__hover_enabled=&#8220;off&#8220; button_one_border_radius__hover_enabled=&#8220;off&#8220; button_two_border_radius__hover_enabled=&#8220;off&#8220; button_letter_spacing__hover_enabled=&#8220;off&#8220; button_one_letter_spacing__hover_enabled=&#8220;off&#8220; button_two_letter_spacing__hover_enabled=&#8220;off&#8220; button_bg_color__hover_enabled=&#8220;off&#8220; button_one_bg_color__hover_enabled=&#8220;off&#8220; button_two_bg_color__hover_enabled=&#8220;off&#8220;][\/et_pb_button][\/et_pb_column][\/et_pb_row][\/et_pb_section]<\/p>\n","protected":false},"excerpt":{"rendered":"<p>H\u00e4ufig gestellte Fragen FAQ (frequently asked questions) &nbsp;F\u00fcr die Eventscheune wenden Sie sich bitte an: Eva Schr\u00f6del eMail: eventscheune@ludwigsruhe.com Tel: +49-(0)171-9385229Ohne den genauen Ablauf zu kennen ist es schwierig den Kostenrahmen zu nennen. Es ist alles m\u00f6glich. Kosten ab \u20ac 860,00.Eine Standesamtliche Trauung auf den gewidmeten Bereichen von Gut Ludwigsruhe kostet \u20ac 250,00.Es wird gro\u00dfartig! [&hellip;]<\/p>\n","protected":false},"author":1,"featured_media":0,"parent":0,"menu_order":0,"comment_status":"closed","ping_status":"closed","template":"","meta":{"_et_pb_use_builder":"on","_et_pb_old_content":"","_et_gb_content_width":"","footnotes":""},"class_list":["post-326","page","type-page","status-publish","hentry"],"_links":{"self":[{"href":"https:\/\/bernadette-freierednerin.de\/trauungen\/wp-json\/wp\/v2\/pages\/326","targetHints":{"allow":["GET"]}}],"collection":[{"href":"https:\/\/bernadette-freierednerin.de\/trauungen\/wp-json\/wp\/v2\/pages"}],"about":[{"href":"https:\/\/bernadette-freierednerin.de\/trauungen\/wp-json\/wp\/v2\/types\/page"}],"author":[{"embeddable":true,"href":"https:\/\/bernadette-freierednerin.de\/trauungen\/wp-json\/wp\/v2\/users\/1"}],"replies":[{"embeddable":true,"href":"https:\/\/bernadette-freierednerin.de\/trauungen\/wp-json\/wp\/v2\/comments?post=326"}],"version-history":[{"count":0,"href":"https:\/\/bernadette-freierednerin.de\/trauungen\/wp-json\/wp\/v2\/pages\/326\/revisions"}],"wp:attachment":[{"href":"https:\/\/bernadette-freierednerin.de\/trauungen\/wp-json\/wp\/v2\/media?parent=326"}],"curies":[{"name":"wp","href":"https:\/\/api.w.org\/{rel}","templated":true}]}}