{"id":138,"date":"2022-07-28T10:48:07","date_gmt":"2022-07-28T08:48:07","guid":{"rendered":"https:\/\/bernadette-freierednerin.de\/trauungen\/?page_id=138"},"modified":"2025-07-21T22:35:38","modified_gmt":"2025-07-21T20:35:38","slug":"kontakt","status":"publish","type":"page","link":"https:\/\/bernadette-freierednerin.de\/trauungen\/kontakt\/","title":{"rendered":"Kontakt"},"content":{"rendered":"<p>[et_pb_section fb_built=&#8220;1&#8243; custom_padding_last_edited=&#8220;on|tablet&#8220; admin_label=&#8220;Hero&#8220; _builder_version=&#8220;4.16&#8243; use_background_color_gradient=&#8220;on&#8220; background_color_gradient_direction=&#8220;90deg&#8220; background_color_gradient_stops=&#8220;#F0EDEE 65%|#F9F6F5 65%&#8220; background_color_gradient_start=&#8220;#F0EDEE&#8220; background_color_gradient_start_position=&#8220;65%&#8220; background_color_gradient_end=&#8220;#F9F6F5&#8243; background_color_gradient_end_position=&#8220;0%&#8220; background_size=&#8220;initial&#8220; background_position=&#8220;top_left&#8220; background_repeat=&#8220;repeat&#8220; custom_margin=&#8220;|||&#8220; custom_padding=&#8220;6vw|0px|0px|0px|false|false&#8220; custom_padding_tablet=&#8220;0vw|||&#8220; custom_padding_phone=&#8220;&#8220; global_colors_info=&#8220;{}&#8220;][et_pb_row column_structure=&#8220;1_2,1_2&#8243; make_equal=&#8220;on&#8220; disabled_on=&#8220;off|off|off&#8220; _builder_version=&#8220;4.17.6&#8243; width=&#8220;100%&#8220; max_width=&#8220;100%&#8220; custom_padding=&#8220;0px|0px|0px|0px|true|true&#8220; use_custom_width=&#8220;on&#8220; width_unit=&#8220;off&#8220; custom_width_percent=&#8220;100%&#8220; global_colors_info=&#8220;{}&#8220;][et_pb_column type=&#8220;1_2&#8243; _builder_version=&#8220;4.17.6&#8243; use_background_color_gradient=&#8220;on&#8220; background_color_gradient_direction=&#8220;30deg&#8220; background_color_gradient_stops=&#8220;rgba(222,213,216,0.1) 50%|rgba(222,213,216,0.7) 100%&#8220; background_color_gradient_overlays_image=&#8220;on&#8220; background_color_gradient_start=&#8220;rgba(222,213,216,0.1)&#8220; background_color_gradient_end=&#8220;rgba(222,213,216,0.7)&#8220; background_image=&#8220;https:\/\/bernadette-freierednerin.de\/trauungen\/wp-content\/uploads\/2022\/07\/kontakt-bernadette-schroedel.jpg&#8220; custom_padding=&#8220;|||&#8220; global_colors_info=&#8220;{}&#8220; custom_padding__hover=&#8220;|||&#8220;][et_pb_divider show_divider=&#8220;off&#8220; _builder_version=&#8220;4.16&#8243; height=&#8220;20vw&#8220; global_colors_info=&#8220;{}&#8220;][\/et_pb_divider][\/et_pb_column][et_pb_column type=&#8220;1_2&#8243; _builder_version=&#8220;4.16&#8243; custom_padding=&#8220;10vw||10vw|&#8220; custom_padding_tablet=&#8220;|10%||10%||true&#8220; custom_padding_phone=&#8220;|10%||10%||true&#8220; custom_padding_last_edited=&#8220;on|tablet&#8220; global_colors_info=&#8220;{}&#8220; padding_tablet=&#8220;|10%||10%||true&#8220; padding_last_edited=&#8220;on|tablet&#8220; custom_padding__hover=&#8220;|||&#8220; padding_phone=&#8220;|10%||10%||true&#8220;][et_pb_text _builder_version=&#8220;4.17.6&#8243; text_font=&#8220;||||||||&#8220; text_font_size=&#8220;16px&#8220; text_line_height=&#8220;2em&#8220; header_font=&#8220;Oswald|500||on|||||&#8220; header_font_size=&#8220;6vw&#8220; header_letter_spacing=&#8220;0.05em&#8220; header_line_height=&#8220;1.2em&#8220; header_5_font=&#8220;Roboto|700||on|||||&#8220; header_5_text_color=&#8220;#898ea2&#8243; header_5_font_size=&#8220;26px&#8220; header_5_letter_spacing=&#8220;10px&#8220; header_5_line_height=&#8220;1.4em&#8220; header_6_font=&#8220;Roboto|700||on|||||&#8220; header_6_text_color=&#8220;#d39b86&#8243; header_6_font_size=&#8220;16px&#8220; header_6_letter_spacing=&#8220;5px&#8220; header_6_line_height=&#8220;1.5em&#8220; text_orientation=&#8220;right&#8220; custom_margin=&#8220;|10vw||-20vw&#8220; custom_margin_tablet=&#8220;|0%||0%||true&#8220; custom_margin_phone=&#8220;|||&#8220; custom_margin_last_edited=&#8220;on|tablet&#8220; custom_padding=&#8220;|||&#8220; custom_padding_last_edited=&#8220;off|desktop&#8220; animation_style=&#8220;slide&#8220; animation_direction=&#8220;left&#8220; animation_intensity_slide=&#8220;2%&#8220; header_font_size_tablet=&#8220;70px&#8220; header_font_size_phone=&#8220;40px&#8220; header_font_size_last_edited=&#8220;on|phone&#8220; header_line_height_tablet=&#8220;&#8220; header_line_height_phone=&#8220;1.5em&#8220; header_line_height_last_edited=&#8220;on|phone&#8220; header_5_font_size_tablet=&#8220;&#8220; header_5_font_size_phone=&#8220;18px&#8220; header_5_font_size_last_edited=&#8220;on|phone&#8220; locked=&#8220;off&#8220; global_colors_info=&#8220;{}&#8220;]<\/p>\n<h5>Ich freue mich \u00fcber Ihren<\/h5>\n<h1>Kontakt<\/h1>\n<h6>Lassen Sie mich Ihre Fragen beantworten!<\/h6>\n<p>&nbsp;<\/p>\n<p>[\/et_pb_text][\/et_pb_column][\/et_pb_row][\/et_pb_section][et_pb_section fb_built=&#8220;1&#8243; admin_label=&#8220;Contact form&#8220; _builder_version=&#8220;4.16&#8243; background_size=&#8220;initial&#8220; background_position=&#8220;top_left&#8220; background_repeat=&#8220;repeat&#8220; global_colors_info=&#8220;{}&#8220;][et_pb_row _builder_version=&#8220;4.27.4&#8243; global_colors_info=&#8220;{}&#8220;][et_pb_column type=&#8220;4_4&#8243; _builder_version=&#8220;4.16&#8243; custom_padding=&#8220;|||&#8220; global_colors_info=&#8220;{}&#8220; custom_padding__hover=&#8220;|||&#8220;][et_pb_text _builder_version=&#8220;4.18.0&#8243; text_font=&#8220;||||||||&#8220; text_font_size=&#8220;16px&#8220; text_line_height=&#8220;2em&#8220; header_font=&#8220;||||||||&#8220; header_2_font=&#8220;Oswald|||on|||||&#8220; header_2_line_height=&#8220;1.5em&#8220; header_4_font=&#8220;||||||||&#8220; custom_margin=&#8220;|||&#8220; locked=&#8220;off&#8220; global_colors_info=&#8220;{}&#8220;]<\/p>\n<h2>eMail:<\/h2>\n<h3><a href=\"mailto:mail@ludwigsruhe.com\"><strong>mail@ludwigsruhe.com<\/strong><\/a><\/h3>\n<p>&nbsp;<\/p>\n<h2>Telefon:<\/h2>\n<h3><strong><a href=\"tel:+491702245268\">0170-2245268<\/a><\/strong><\/h3>\n<h1> <\/h1>\n<p>[\/et_pb_text][\/et_pb_column][\/et_pb_row][\/et_pb_section][et_pb_section fb_built=&#8220;1&#8243; admin_label=&#8220;FAQ&#8220; _builder_version=&#8220;4.16&#8243; background_size=&#8220;initial&#8220; background_position=&#8220;top_left&#8220; background_repeat=&#8220;repeat&#8220; custom_padding=&#8220;|||&#8220; global_colors_info=&#8220;{}&#8220;][et_pb_row column_structure=&#8220;1_3,2_3&#8243; _builder_version=&#8220;4.16&#8243; custom_padding=&#8220;|||&#8220; global_colors_info=&#8220;{}&#8220;][et_pb_column type=&#8220;1_3&#8243; _builder_version=&#8220;4.16&#8243; custom_padding=&#8220;|||&#8220; global_colors_info=&#8220;{}&#8220; custom_padding__hover=&#8220;|||&#8220;][et_pb_image src=&#8220;https:\/\/bernadette-freierednerin.de\/trauungen\/wp-content\/uploads\/2022\/07\/haeufig-gestellte-fragen.jpg&#8220; title_text=&#8220;haeufig-gestellte-fragen&#8220; align_tablet=&#8220;center&#8220; align_phone=&#8220;center&#8220; align_last_edited=&#8220;on|desktop&#8220; _builder_version=&#8220;4.17.6&#8243; animation_style=&#8220;fade&#8220; locked=&#8220;off&#8220; global_colors_info=&#8220;{}&#8220;][\/et_pb_image][\/et_pb_column][et_pb_column type=&#8220;2_3&#8243; _builder_version=&#8220;4.16&#8243; custom_padding=&#8220;|||&#8220; global_colors_info=&#8220;{}&#8220; custom_padding__hover=&#8220;|||&#8220;][et_pb_text _builder_version=&#8220;4.17.6&#8243; text_font=&#8220;||||||||&#8220; text_font_size=&#8220;16px&#8220; text_line_height=&#8220;2em&#8220; header_font=&#8220;||||||||&#8220; header_2_font=&#8220;Oswald|||on|||||&#8220; header_2_line_height=&#8220;1.5em&#8220; header_4_font=&#8220;||||||||&#8220; custom_margin=&#8220;|||&#8220; global_colors_info=&#8220;{}&#8220;]<\/p>\n<h2>H\u00e4ufig gestellte Fragen<\/h2>\n<p>[\/et_pb_text][et_pb_toggle title=&#8220;An wen wende ich mich wenn ich in der Eventscheune feiern m\u00f6chte?&#8220; open_toggle_background_color=&#8220;#f9f6f5&#8243; closed_toggle_background_color=&#8220;#f9f6f5&#8243; _builder_version=&#8220;4.17.6&#8243; title_font=&#8220;Roboto||||||||&#8220; title_line_height=&#8220;1.5em&#8220; border_width_all=&#8220;0px&#8220; global_colors_info=&#8220;{}&#8220;]F\u00fcr die Eventscheune wenden Sie sich bitte an:<br \/>\nEva Schr\u00f6del<br \/>\neMail: <a href=\"mailto:eventscheune@ludwigsruhe.com\">eventscheune@ludwigsruhe.com<\/a><br \/>\nTel: <a href=\"tel:+491719385229\">+49-(0)171-9385229<\/a>[\/et_pb_toggle][et_pb_toggle title=&#8220;Wieviel kostet eine Freie Trauung? &#8220; open_toggle_background_color=&#8220;#f9f6f5&#8243; closed_toggle_background_color=&#8220;#f9f6f5&#8243; _builder_version=&#8220;4.18.0&#8243; title_font=&#8220;Roboto||||||||&#8220; title_line_height=&#8220;1.5em&#8220; border_width_all=&#8220;0px&#8220; global_colors_info=&#8220;{}&#8220;]Ohne den genauen Ablauf zu kennen ist es schwierig den Kostenrahmen zu nennen.<br \/>\nEs ist alles m\u00f6glich.[\/et_pb_toggle][et_pb_toggle title=&#8220;Wie hoch sind die Kosten einer standesamtlichen Trauung?&#8220; open_toggle_background_color=&#8220;#f9f6f5&#8243; closed_toggle_background_color=&#8220;#f9f6f5&#8243; _builder_version=&#8220;4.18.0&#8243; title_font=&#8220;Roboto||||||||&#8220; title_line_height=&#8220;1.5em&#8220; border_width_all=&#8220;0px&#8220; global_colors_info=&#8220;{}&#8220;]Eine standesamtliche Trauung auf den gewidmeten Bereichen von Gut Ludwigsruhe kostet \u20ac 250,00.[\/et_pb_toggle][\/et_pb_column][\/et_pb_row][\/et_pb_section][et_pb_section fb_built=&#8220;1&#8243; admin_label=&#8220;FAQ&#8220; _builder_version=&#8220;4.16&#8243; background_size=&#8220;initial&#8220; background_position=&#8220;top_left&#8220; background_repeat=&#8220;repeat&#8220; custom_padding=&#8220;|||&#8220; global_colors_info=&#8220;{}&#8220;][et_pb_row column_structure=&#8220;1_3,2_3&#8243; _builder_version=&#8220;4.16&#8243; custom_padding=&#8220;|||&#8220; global_colors_info=&#8220;{}&#8220;][et_pb_column type=&#8220;1_3&#8243; _builder_version=&#8220;4.16&#8243; custom_padding=&#8220;|||&#8220; global_colors_info=&#8220;{}&#8220; custom_padding__hover=&#8220;|||&#8220;][et_pb_image src=&#8220;https:\/\/bernadette-freierednerin.de\/trauungen\/wp-content\/uploads\/2022\/09\/partner-links.jpg&#8220; title_text=&#8220;partner-links&#8220; align_tablet=&#8220;center&#8220; align_phone=&#8220;center&#8220; align_last_edited=&#8220;on|desktop&#8220; _builder_version=&#8220;4.17.6&#8243; animation_style=&#8220;fade&#8220; locked=&#8220;off&#8220; global_colors_info=&#8220;{}&#8220;][\/et_pb_image][\/et_pb_column][et_pb_column type=&#8220;2_3&#8243; _builder_version=&#8220;4.16&#8243; custom_padding=&#8220;|||&#8220; global_colors_info=&#8220;{}&#8220; custom_padding__hover=&#8220;|||&#8220;][et_pb_text _builder_version=&#8220;4.17.6&#8243; text_font=&#8220;||||||||&#8220; text_font_size=&#8220;16px&#8220; text_line_height=&#8220;2em&#8220; header_font=&#8220;||||||||&#8220; header_2_font=&#8220;Oswald|||on|||||&#8220; header_2_line_height=&#8220;1.5em&#8220; header_4_font=&#8220;||||||||&#8220; custom_margin=&#8220;|||&#8220; global_colors_info=&#8220;{}&#8220;]<\/p>\n<h2>Partner Links<\/h2>\n<p>[\/et_pb_text][et_pb_button button_url=&#8220;https:\/\/gut-ludwigsruhe.de&#8220; url_new_window=&#8220;on&#8220; button_text=&#8220;Eventscheune&#8220; _builder_version=&#8220;4.17.6&#8243; _module_preset=&#8220;default&#8220; box_shadow_style=&#8220;preset2&#8243; global_colors_info=&#8220;{}&#8220;][\/et_pb_button][et_pb_button button_url=&#8220;https:\/\/hohenloher-bluetenzauber.de&#8220; url_new_window=&#8220;on&#8220; button_text=&#8220;Hohenloher Bl\u00fctenzauber&#8220; _builder_version=&#8220;4.17.6&#8243; _module_preset=&#8220;default&#8220; box_shadow_style=&#8220;preset2&#8243; global_colors_info=&#8220;{}&#8220;][\/et_pb_button][et_pb_button button_url=&#8220;https:\/\/thomasgburekfotografie.de&#8220; url_new_window=&#8220;on&#8220; button_text=&#8220;Thomas Gburek Fotografie&#8220; _builder_version=&#8220;4.17.6&#8243; _module_preset=&#8220;default&#8220; box_shadow_style=&#8220;preset2&#8243; global_colors_info=&#8220;{}&#8220;][\/et_pb_button][et_pb_button button_url=&#8220;https:\/\/internet-fotograf.com&#8220; url_new_window=&#8220;on&#8220; button_text=&#8220;Webdesign \/ Fotografie&#8220; _builder_version=&#8220;4.17.6&#8243; _module_preset=&#8220;default&#8220; box_shadow_style=&#8220;preset2&#8243; global_colors_info=&#8220;{}&#8220;][\/et_pb_button][\/et_pb_column][\/et_pb_row][\/et_pb_section][et_pb_section fb_built=&#8220;1&#8243; _builder_version=&#8220;4.17.6&#8243; _module_preset=&#8220;default&#8220; global_colors_info=&#8220;{}&#8220;][\/et_pb_section][et_pb_section fb_built=&#8220;1&#8243; custom_padding_last_edited=&#8220;off|desktop&#8220; admin_label=&#8220;Footer&#8220; _builder_version=&#8220;4.16&#8243; use_background_color_gradient=&#8220;on&#8220; background_color_gradient_direction=&#8220;90deg&#8220; background_color_gradient_stops=&#8220;#F0EDEE 65%|#F9F6F5 65%&#8220; background_color_gradient_start=&#8220;#F0EDEE&#8220; background_color_gradient_start_position=&#8220;65%&#8220; background_color_gradient_end=&#8220;#F9F6F5&#8243; background_color_gradient_end_position=&#8220;0%&#8220; custom_padding=&#8220;100px|0px|0|0px|false|false&#8220; custom_padding_tablet=&#8220;0px|||&#8220; custom_padding_phone=&#8220;0px|||&#8220; global_colors_info=&#8220;{}&#8220;][et_pb_row custom_padding_last_edited=&#8220;on|phone&#8220; module_class=&#8220; et_pb_row_fullwidth&#8220; _builder_version=&#8220;4.17.6&#8243; background_color_gradient_direction=&#8220;90deg&#8220; background_image=&#8220;https:\/\/bernadette-freierednerin.de\/trauungen\/wp-content\/uploads\/2022\/07\/footer-trauzimmer-freie-rednerin-1.jpg&#8220; background_position=&#8220;bottom_center&#8220; width=&#8220;89%&#8220; width_tablet=&#8220;80%&#8220; width_phone=&#8220;80%&#8220; width_last_edited=&#8220;on|desktop&#8220; max_width=&#8220;89%&#8220; max_width_tablet=&#8220;80%&#8220; max_width_phone=&#8220;80%&#8220; max_width_last_edited=&#8220;on|desktop&#8220; custom_padding=&#8220;200px|40px|200px|40px|true|true&#8220; custom_padding_tablet=&#8220;&#8220; custom_padding_phone=&#8220;60px||60px||true&#8220; animation_style=&#8220;slide&#8220; animation_direction=&#8220;bottom&#8220; animation_intensity_slide=&#8220;20%&#8220; animation_starting_opacity=&#8220;100%&#8220; make_fullwidth=&#8220;on&#8220; global_colors_info=&#8220;{}&#8220;][et_pb_column type=&#8220;4_4&#8243; _builder_version=&#8220;4.16&#8243; custom_padding=&#8220;|||&#8220; global_colors_info=&#8220;{}&#8220; custom_padding__hover=&#8220;|||&#8220;][et_pb_text _builder_version=&#8220;4.17.6&#8243; text_font=&#8220;||||||||&#8220; header_font=&#8220;||||||||&#8220; header_2_font=&#8220;Oswald|500||on|||||&#8220; header_2_text_align=&#8220;center&#8220; header_2_font_size=&#8220;60px&#8220; header_2_letter_spacing=&#8220;2px&#8220; header_2_line_height=&#8220;1.5em&#8220; header_5_font=&#8220;Oswald|||on|||||&#8220; header_5_font_size=&#8220;18px&#8220; header_5_letter_spacing=&#8220;3px&#8220; header_5_line_height=&#8220;1.5em&#8220; text_orientation=&#8220;center&#8220; background_layout=&#8220;dark&#8220; max_width=&#8220;800px&#8220; module_alignment=&#8220;center&#8220; header_2_font_size_tablet=&#8220;60px&#8220; header_2_font_size_phone=&#8220;30px&#8220; header_2_font_size_last_edited=&#8220;on|phone&#8220; header_5_line_height_last_edited=&#8220;off|desktop&#8220; global_colors_info=&#8220;{}&#8220;]<\/p>\n<h5>Es wird gro\u00dfartig!<\/h5>\n<h2>Planen wir gemeinsam!<\/h2>\n<p>[\/et_pb_text][\/et_pb_column][\/et_pb_row][\/et_pb_section]<\/p>\n","protected":false},"excerpt":{"rendered":"<p>Ich freue mich \u00fcber Ihren Kontakt Lassen Sie mich Ihre Fragen beantworten! &nbsp;eMail: mail@ludwigsruhe.com &nbsp; Telefon: 0170-2245268 H\u00e4ufig gestellte FragenF\u00fcr die Eventscheune wenden Sie sich bitte an: Eva Schr\u00f6del eMail: eventscheune@ludwigsruhe.com Tel: +49-(0)171-9385229Ohne den genauen Ablauf zu kennen ist es schwierig den Kostenrahmen zu nennen. Es ist alles m\u00f6glich.Eine standesamtliche Trauung auf den gewidmeten Bereichen [&hellip;]<\/p>\n","protected":false},"author":1,"featured_media":142,"parent":0,"menu_order":0,"comment_status":"closed","ping_status":"closed","template":"","meta":{"_et_pb_use_builder":"on","_et_pb_old_content":"","_et_gb_content_width":"","footnotes":""},"class_list":["post-138","page","type-page","status-publish","has-post-thumbnail","hentry"],"_links":{"self":[{"href":"https:\/\/bernadette-freierednerin.de\/trauungen\/wp-json\/wp\/v2\/pages\/138","targetHints":{"allow":["GET"]}}],"collection":[{"href":"https:\/\/bernadette-freierednerin.de\/trauungen\/wp-json\/wp\/v2\/pages"}],"about":[{"href":"https:\/\/bernadette-freierednerin.de\/trauungen\/wp-json\/wp\/v2\/types\/page"}],"author":[{"embeddable":true,"href":"https:\/\/bernadette-freierednerin.de\/trauungen\/wp-json\/wp\/v2\/users\/1"}],"replies":[{"embeddable":true,"href":"https:\/\/bernadette-freierednerin.de\/trauungen\/wp-json\/wp\/v2\/comments?post=138"}],"version-history":[{"count":0,"href":"https:\/\/bernadette-freierednerin.de\/trauungen\/wp-json\/wp\/v2\/pages\/138\/revisions"}],"wp:featuredmedia":[{"embeddable":true,"href":"https:\/\/bernadette-freierednerin.de\/trauungen\/wp-json\/wp\/v2\/media\/142"}],"wp:attachment":[{"href":"https:\/\/bernadette-freierednerin.de\/trauungen\/wp-json\/wp\/v2\/media?parent=138"}],"curies":[{"name":"wp","href":"https:\/\/api.w.org\/{rel}","templated":true}]}}