{"id":125,"date":"2022-07-28T10:40:26","date_gmt":"2022-07-28T08:40:26","guid":{"rendered":"https:\/\/bernadette-freierednerin.de\/trauungen\/?page_id=125"},"modified":"2025-07-21T22:36:18","modified_gmt":"2025-07-21T20:36:18","slug":"ueber-mich","status":"publish","type":"page","link":"https:\/\/bernadette-freierednerin.de\/trauungen\/ueber-mich\/","title":{"rendered":"\u00dcber mich"},"content":{"rendered":"<p>[et_pb_section fb_built=&#8220;1&#8243; custom_padding_last_edited=&#8220;on|tablet&#8220; admin_label=&#8220;Hero&#8220; _builder_version=&#8220;4.16&#8243; use_background_color_gradient=&#8220;on&#8220; background_color_gradient_direction=&#8220;90deg&#8220; background_color_gradient_stops=&#8220;#F0EDEE 65%|#F9F6F5 65%&#8220; background_color_gradient_start=&#8220;#F0EDEE&#8220; background_color_gradient_start_position=&#8220;65%&#8220; background_color_gradient_end=&#8220;#F9F6F5&#8243; background_color_gradient_end_position=&#8220;0%&#8220; background_size=&#8220;initial&#8220; background_position=&#8220;top_left&#8220; background_repeat=&#8220;repeat&#8220; custom_margin=&#8220;|||&#8220; custom_padding=&#8220;6vw|0px|0px|0px|false|false&#8220; custom_padding_tablet=&#8220;0vw|||&#8220; custom_padding_phone=&#8220;&#8220; global_colors_info=&#8220;{}&#8220;][et_pb_row column_structure=&#8220;1_2,1_2&#8243; make_equal=&#8220;on&#8220; disabled_on=&#8220;off|off|off&#8220; _builder_version=&#8220;4.17.6&#8243; width=&#8220;100%&#8220; max_width=&#8220;100%&#8220; custom_padding=&#8220;0px|0px|0px|0px|true|true&#8220; use_custom_width=&#8220;on&#8220; width_unit=&#8220;off&#8220; custom_width_percent=&#8220;100%&#8220; global_colors_info=&#8220;{}&#8220;][et_pb_column type=&#8220;1_2&#8243; _builder_version=&#8220;4.17.6&#8243; use_background_color_gradient=&#8220;on&#8220; background_color_gradient_direction=&#8220;30deg&#8220; background_color_gradient_stops=&#8220;rgba(222,213,216,0.1) 50%|rgba(222,213,216,0.7) 100%&#8220; background_color_gradient_overlays_image=&#8220;on&#8220; background_color_gradient_start=&#8220;rgba(222,213,216,0.1)&#8220; background_color_gradient_end=&#8220;rgba(222,213,216,0.7)&#8220; background_image=&#8220;https:\/\/bernadette-freierednerin.de\/trauungen\/wp-content\/uploads\/2022\/07\/ueber-mich-start.jpg&#8220; custom_padding=&#8220;|||&#8220; background_last_edited=&#8220;on|phone&#8220; background_image_phone=&#8220;https:\/\/bernadette-freierednerin.de\/trauungen\/wp-content\/uploads\/2022\/07\/ueber-mich-mobile.jpg&#8220; background_enable_image_phone=&#8220;on&#8220; global_colors_info=&#8220;{}&#8220; custom_padding__hover=&#8220;|||&#8220;][et_pb_divider show_divider=&#8220;off&#8220; _builder_version=&#8220;4.16&#8243; height=&#8220;20vw&#8220; global_colors_info=&#8220;{}&#8220;][\/et_pb_divider][\/et_pb_column][et_pb_column type=&#8220;1_2&#8243; _builder_version=&#8220;4.16&#8243; custom_padding=&#8220;10vw||10vw|&#8220; custom_padding_tablet=&#8220;|10%||10%||true&#8220; custom_padding_phone=&#8220;|10%||10%||true&#8220; custom_padding_last_edited=&#8220;on|tablet&#8220; global_colors_info=&#8220;{}&#8220; padding_tablet=&#8220;|10%||10%||true&#8220; padding_last_edited=&#8220;on|tablet&#8220; custom_padding__hover=&#8220;|||&#8220; padding_phone=&#8220;|10%||10%||true&#8220;][et_pb_text _builder_version=&#8220;4.17.6&#8243; text_font=&#8220;||||||||&#8220; text_font_size=&#8220;16px&#8220; text_line_height=&#8220;2em&#8220; header_font=&#8220;Oswald|500||on|||||&#8220; header_font_size=&#8220;6vw&#8220; header_letter_spacing=&#8220;0.05em&#8220; header_line_height=&#8220;1.2em&#8220; header_5_font=&#8220;Roboto|700||on|||||&#8220; header_5_text_color=&#8220;#898ea2&#8243; header_5_font_size=&#8220;26px&#8220; header_5_letter_spacing=&#8220;10px&#8220; header_5_line_height=&#8220;1.4em&#8220; header_6_font=&#8220;Roboto|700||on|||||&#8220; header_6_text_color=&#8220;#d39b86&#8243; header_6_font_size=&#8220;16px&#8220; header_6_letter_spacing=&#8220;5px&#8220; header_6_line_height=&#8220;1.5em&#8220; text_orientation=&#8220;right&#8220; custom_margin=&#8220;|10vw||-20vw&#8220; custom_margin_tablet=&#8220;|0%||0%||true&#8220; custom_margin_phone=&#8220;|||&#8220; custom_margin_last_edited=&#8220;on|phone&#8220; custom_padding=&#8220;|||&#8220; custom_padding_last_edited=&#8220;off|desktop&#8220; animation_style=&#8220;slide&#8220; animation_direction=&#8220;left&#8220; animation_intensity_slide=&#8220;2%&#8220; header_font_size_tablet=&#8220;70px&#8220; header_font_size_phone=&#8220;40px&#8220; header_font_size_last_edited=&#8220;on|phone&#8220; header_line_height_tablet=&#8220;&#8220; header_line_height_phone=&#8220;1.5em&#8220; header_line_height_last_edited=&#8220;on|phone&#8220; header_5_font_size_tablet=&#8220;&#8220; header_5_font_size_phone=&#8220;18px&#8220; header_5_font_size_last_edited=&#8220;on|phone&#8220; locked=&#8220;off&#8220; global_colors_info=&#8220;{}&#8220;]<\/p>\n<h5>Bernadette Schr\u00f6del<\/h5>\n<h1>\u00dcber mich<\/h1>\n<h6>Freie Rednerin \/ Standesbeamtin<\/h6>\n<p>[\/et_pb_text][\/et_pb_column][\/et_pb_row][\/et_pb_section][et_pb_section fb_built=&#8220;1&#8243; custom_padding_last_edited=&#8220;off|desktop&#8220; admin_label=&#8220;About Me&#8220; _builder_version=&#8220;4.16&#8243; use_background_color_gradient=&#8220;on&#8220; background_color_gradient_direction=&#8220;90deg&#8220; background_color_gradient_stops=&#8220;rgba(240,237,238,0) 75%|#F9F6F5 75%&#8220; background_color_gradient_start=&#8220;rgba(240,237,238,0)&#8220; background_color_gradient_start_position=&#8220;75%&#8220; background_color_gradient_end=&#8220;#F9F6F5&#8243; background_color_gradient_end_position=&#8220;0%&#8220; background_image=&#8220;https:\/\/bernadette-freierednerin.de\/trauungen\/wp-content\/uploads\/2022\/07\/divider.png&#8220; background_size=&#8220;initial&#8220; background_position=&#8220;top_left&#8220; background_repeat=&#8220;repeat&#8220; custom_margin=&#8220;|||&#8220; custom_padding=&#8220;|||&#8220; custom_padding_tablet=&#8220;0vw|||&#8220; animation_style=&#8220;slide&#8220; animation_direction=&#8220;right&#8220; animation_intensity_slide=&#8220;2%&#8220; global_colors_info=&#8220;{}&#8220;][et_pb_row column_structure=&#8220;1_2,1_2&#8243; _builder_version=&#8220;4.16&#8243; custom_padding=&#8220;|||&#8220; global_colors_info=&#8220;{}&#8220;][et_pb_column type=&#8220;1_2&#8243; _builder_version=&#8220;4.16&#8243; custom_padding=&#8220;|||&#8220; custom_padding_tablet=&#8220;|10%||10%||true&#8220; custom_padding_phone=&#8220;|||&#8220; custom_padding_last_edited=&#8220;off|desktop&#8220; global_colors_info=&#8220;{}&#8220; padding_phone=&#8220;|||&#8220; padding_tablet=&#8220;|10%||10%||true&#8220; padding_last_edited=&#8220;off|desktop&#8220; custom_padding__hover=&#8220;|||&#8220;][et_pb_text _builder_version=&#8220;4.18.0&#8243; text_font=&#8220;||||||||&#8220; text_font_size=&#8220;16px&#8220; text_line_height=&#8220;2em&#8220; header_font=&#8220;||||||||&#8220; header_2_font=&#8220;Oswald|||on|||||&#8220; header_2_line_height=&#8220;1.5em&#8220; header_4_font=&#8220;||||||||&#8220; custom_margin=&#8220;|||&#8220; global_colors_info=&#8220;{}&#8220;]<\/p>\n<h2>Ich freue mich auf Euch!<br \/>\nMein Name ist Bernadette Schr\u00f6del<\/h2>\n<p>Ich lebe mit meiner Familie seit vielen Jahren im sch\u00f6nen Hohenloher Land, genauer gesagt auf Gut Ludwigsruhe. Ein Ort, der uns gl\u00fccklich macht und den wir \u00fcber viele Jahre mit viel Liebe zu unserem Familiensitz gemacht haben. Ich liebe meine gro\u00dfen Garten mit den Blumen und dem Gem\u00fcse. Am liebsten bin ich in der Natur, dort kann ich auftanken. Mein Hobby ist das Kochen, ich dekoriere gerne und bin kreativ und handwerklich gegabt. F\u00fcr Neues bin ich immer offen. Meine Freizeit verbringe ich gerne gesellig mit Freunden. Auch sch\u00f6ne Reisen bedeuten mir viel. Ich bin ein Familienmensch, die Familie steht f\u00fcr mich an erster Stelle.[\/et_pb_text][\/et_pb_column][et_pb_column type=&#8220;1_2&#8243; _builder_version=&#8220;4.16&#8243; custom_padding=&#8220;|||&#8220; custom_padding_tablet=&#8220;|10%||10%&#8220; custom_padding_last_edited=&#8220;off|desktop&#8220; global_colors_info=&#8220;{}&#8220; padding_tablet=&#8220;|10%||10%&#8220; padding_last_edited=&#8220;off|desktop&#8220; custom_padding__hover=&#8220;|||&#8220;][et_pb_text _builder_version=&#8220;4.18.0&#8243; text_font=&#8220;||||||||&#8220; text_font_size=&#8220;16px&#8220; text_line_height=&#8220;2em&#8220; header_font=&#8220;||||||||&#8220; header_2_font=&#8220;Oswald|||on|||||&#8220; header_2_line_height=&#8220;1.5em&#8220; header_4_font=&#8220;||||||||&#8220; custom_margin=&#8220;|||&#8220; global_colors_info=&#8220;{}&#8220;]Viele Jahre schon darf ich Brautpaare an ihrem sch\u00f6nsten Tag im Leben begleiten. Ich bin Eheschlie\u00dfungsstandesbeamtin und habe mich durch Weiterbildung zur Freien Traurednerin qualifiziert. Es ber\u00fchrt mich jedes Mal zu tiefst, wenn ein Brautpaar sich das Ja-Wort gibt. Ja, ich will mit Dir zusammen sein, ein Leben lang.<br \/>\nDiesen Schritt zu begleiten, Paare dabei zu unterst\u00fctzen, ihre Gef\u00fchle und Lebensziele in Worte zu fassen, das macht mich als Herzensmensch gl\u00fccklich, und ich empfinde es als eine gro\u00dfe Bereicherung f\u00fcr mein Leben. Ich genie\u00dfe es, in Eure Liebesgeschichte und Euer gemeinsames Leben einzutauchen, um dann mit meinen Worten auszudr\u00fccken was Euch ausmacht. Ich stehe mit beiden Beinen mitten im Leben und freue mich, Eure Trauung anspruchsvoll zu gestalten, sowie niveauvoll zu zelebrieren. Das macht mich aus.[\/et_pb_text][\/et_pb_column][\/et_pb_row][\/et_pb_section][et_pb_section fb_built=&#8220;1&#8243; custom_padding_last_edited=&#8220;off|desktop&#8220; admin_label=&#8220;Footer&#8220; _builder_version=&#8220;4.16&#8243; use_background_color_gradient=&#8220;on&#8220; background_color_gradient_direction=&#8220;90deg&#8220; background_color_gradient_stops=&#8220;#F0EDEE 65%|#F9F6F5 65%&#8220; background_color_gradient_start=&#8220;#F0EDEE&#8220; background_color_gradient_start_position=&#8220;65%&#8220; background_color_gradient_end=&#8220;#F9F6F5&#8243; background_color_gradient_end_position=&#8220;0%&#8220; custom_padding=&#8220;100px|0px|0|0px|false|false&#8220; custom_padding_tablet=&#8220;0px|||&#8220; custom_padding_phone=&#8220;0px|||&#8220; global_colors_info=&#8220;{}&#8220;][et_pb_row custom_padding_last_edited=&#8220;on|phone&#8220; module_class=&#8220; et_pb_row_fullwidth&#8220; _builder_version=&#8220;4.17.6&#8243; background_color_gradient_direction=&#8220;90deg&#8220; background_image=&#8220;https:\/\/bernadette-freierednerin.de\/trauungen\/wp-content\/uploads\/2022\/07\/footer-trauzimmer-freie-rednerin-1.jpg&#8220; background_position=&#8220;bottom_center&#8220; width=&#8220;89%&#8220; width_tablet=&#8220;80%&#8220; width_phone=&#8220;80%&#8220; width_last_edited=&#8220;on|desktop&#8220; max_width=&#8220;89%&#8220; max_width_tablet=&#8220;80%&#8220; max_width_phone=&#8220;80%&#8220; max_width_last_edited=&#8220;on|desktop&#8220; custom_padding=&#8220;200px|40px|200px|40px|true|true&#8220; custom_padding_tablet=&#8220;&#8220; custom_padding_phone=&#8220;60px||60px||true&#8220; animation_style=&#8220;slide&#8220; animation_direction=&#8220;bottom&#8220; animation_intensity_slide=&#8220;20%&#8220; animation_starting_opacity=&#8220;100%&#8220; make_fullwidth=&#8220;on&#8220; global_colors_info=&#8220;{}&#8220;][et_pb_column type=&#8220;4_4&#8243; _builder_version=&#8220;4.16&#8243; custom_padding=&#8220;|||&#8220; global_colors_info=&#8220;{}&#8220; custom_padding__hover=&#8220;|||&#8220;][et_pb_text _builder_version=&#8220;4.17.6&#8243; text_font=&#8220;||||||||&#8220; header_font=&#8220;||||||||&#8220; header_2_font=&#8220;Oswald|500||on|||||&#8220; header_2_text_align=&#8220;center&#8220; header_2_font_size=&#8220;60px&#8220; header_2_letter_spacing=&#8220;2px&#8220; header_2_line_height=&#8220;1.5em&#8220; header_5_font=&#8220;Oswald|||on|||||&#8220; header_5_font_size=&#8220;18px&#8220; header_5_letter_spacing=&#8220;3px&#8220; header_5_line_height=&#8220;1.5em&#8220; text_orientation=&#8220;center&#8220; background_layout=&#8220;dark&#8220; max_width=&#8220;800px&#8220; module_alignment=&#8220;center&#8220; header_2_font_size_tablet=&#8220;60px&#8220; header_2_font_size_phone=&#8220;30px&#8220; header_2_font_size_last_edited=&#8220;on|phone&#8220; header_5_line_height_last_edited=&#8220;off|desktop&#8220; global_colors_info=&#8220;{}&#8220;]<\/p>\n<h5>Es wird gro\u00dfartig!<\/h5>\n<h2>Planen wir gemeinsam!<\/h2>\n<p>[\/et_pb_text][et_pb_button button_url=&#8220;https:\/\/bernadette-freierednerin.de\/trauungen\/kontakt\/&#8220; button_text=&#8220;Kontakt&#8220; button_alignment=&#8220;center&#8220; _builder_version=&#8220;4.17.6&#8243; custom_button=&#8220;on&#8220; button_text_size=&#8220;14px&#8220; button_text_color=&#8220;#b77593&#8243; button_bg_color=&#8220;#ffffff&#8220; button_border_width=&#8220;12px&#8220; button_border_color=&#8220;#ffffff&#8220; button_border_radius=&#8220;0px&#8220; button_letter_spacing=&#8220;5px&#8220; button_font=&#8220;Roboto|700||on|||||&#8220; custom_margin=&#8220;|||&#8220; custom_margin_tablet=&#8220;30px|||&#8220; custom_margin_phone=&#8220;|||&#8220; custom_margin_last_edited=&#8220;off|desktop&#8220; custom_padding=&#8220;|||&#8220; global_colors_info=&#8220;{}&#8220; button_text_size__hover_enabled=&#8220;off&#8220; button_one_text_size__hover_enabled=&#8220;off&#8220; button_two_text_size__hover_enabled=&#8220;off&#8220; button_text_color__hover_enabled=&#8220;off&#8220; button_one_text_color__hover_enabled=&#8220;off&#8220; button_two_text_color__hover_enabled=&#8220;off&#8220; button_border_width__hover_enabled=&#8220;off&#8220; button_one_border_width__hover_enabled=&#8220;off&#8220; button_two_border_width__hover_enabled=&#8220;off&#8220; button_border_color__hover_enabled=&#8220;off&#8220; button_one_border_color__hover_enabled=&#8220;off&#8220; button_two_border_color__hover_enabled=&#8220;off&#8220; button_border_radius__hover_enabled=&#8220;off&#8220; button_one_border_radius__hover_enabled=&#8220;off&#8220; button_two_border_radius__hover_enabled=&#8220;off&#8220; button_letter_spacing__hover_enabled=&#8220;off&#8220; button_one_letter_spacing__hover_enabled=&#8220;off&#8220; button_two_letter_spacing__hover_enabled=&#8220;off&#8220; button_bg_color__hover_enabled=&#8220;off&#8220; button_one_bg_color__hover_enabled=&#8220;off&#8220; button_two_bg_color__hover_enabled=&#8220;off&#8220;][\/et_pb_button][\/et_pb_column][\/et_pb_row][\/et_pb_section]<\/p>\n","protected":false},"excerpt":{"rendered":"<p>Bernadette Schr\u00f6del \u00dcber mich Freie Rednerin \/ StandesbeamtinIch freue mich auf Euch! Mein Name ist Bernadette Schr\u00f6del Ich lebe mit meiner Familie seit vielen Jahren im sch\u00f6nen Hohenloher Land, genauer gesagt auf Gut Ludwigsruhe. Ein Ort, der uns gl\u00fccklich macht und den wir \u00fcber viele Jahre mit viel Liebe zu unserem Familiensitz gemacht haben. Ich [&hellip;]<\/p>\n","protected":false},"author":1,"featured_media":142,"parent":0,"menu_order":0,"comment_status":"closed","ping_status":"closed","template":"","meta":{"_et_pb_use_builder":"on","_et_pb_old_content":"","_et_gb_content_width":"","footnotes":""},"class_list":["post-125","page","type-page","status-publish","has-post-thumbnail","hentry"],"_links":{"self":[{"href":"https:\/\/bernadette-freierednerin.de\/trauungen\/wp-json\/wp\/v2\/pages\/125","targetHints":{"allow":["GET"]}}],"collection":[{"href":"https:\/\/bernadette-freierednerin.de\/trauungen\/wp-json\/wp\/v2\/pages"}],"about":[{"href":"https:\/\/bernadette-freierednerin.de\/trauungen\/wp-json\/wp\/v2\/types\/page"}],"author":[{"embeddable":true,"href":"https:\/\/bernadette-freierednerin.de\/trauungen\/wp-json\/wp\/v2\/users\/1"}],"replies":[{"embeddable":true,"href":"https:\/\/bernadette-freierednerin.de\/trauungen\/wp-json\/wp\/v2\/comments?post=125"}],"version-history":[{"count":0,"href":"https:\/\/bernadette-freierednerin.de\/trauungen\/wp-json\/wp\/v2\/pages\/125\/revisions"}],"wp:featuredmedia":[{"embeddable":true,"href":"https:\/\/bernadette-freierednerin.de\/trauungen\/wp-json\/wp\/v2\/media\/142"}],"wp:attachment":[{"href":"https:\/\/bernadette-freierednerin.de\/trauungen\/wp-json\/wp\/v2\/media?parent=125"}],"curies":[{"name":"wp","href":"https:\/\/api.w.org\/{rel}","templated":true}]}}